{"id":146,"date":"2011-05-10T07:49:13","date_gmt":"2011-05-10T07:49:13","guid":{"rendered":"http:\/\/www.titizlertarim.com\/?page_id=146"},"modified":"2011-05-11T12:47:10","modified_gmt":"2011-05-11T12:47:10","slug":"deneme-gubre","status":"publish","type":"page","link":"http:\/\/www.titizlertarim.com\/?page_id=146","title":{"rendered":"Amonyum S\u00fclfat"},"content":{"rendered":"<p><strong>AS %21 N<br \/>\nAMONYUM S\u00dcLFAT<\/strong><\/p>\n<p><img src=\"http:\/\/www.tacotarim.com.tr\/images\/image\/urun_acik_gorsel\/A_S_21.JPG\" alt=\"\" width=\"400\" align=\"right\" \/>* \u00c7o\u011funlukla beyaz renkli olan g\u00fcbre %21 N (Azot) ve % 24 S (K\u00fck\u00fcrt)i\u00e7erir.<\/p>\n<p>* Kristal ve gran\u00fcl olarak iki \u015fekilde \u00fcretilen Amonyum S\u00fclfat g\u00fcbresinde Azot miktar\u0131 % 20.5 den az olmamal\u0131d\u0131r.<\/p>\n<p>* Yayg\u0131n olarak kullan\u0131lan bir g\u00fcbre \u00e7e\u015fididir.<\/p>\n<p>\u2022 Asit \u00f6zellikli bir g\u00fcbre oldu\u011fu i\u00e7in N\u00f6tr ve Kire\u00e7li topraklarda kullan\u0131lmas\u0131 uygundur.<\/p>\n<p>* Uzun y\u0131llar kullan\u0131ld\u0131\u011f\u0131nda topraklarda asit art\u0131r\u0131c\u0131 bir \u00f6zelli\u011fi vard\u0131r. Bu nedenle asitli topraklarda kullan\u0131lmas\u0131 tavsiye edilmez. Do\u011fu Karadeniz y\u00f6resinin asitli topraklar\u0131nda \u00c7ay \u00fcreticilerinin Amonyum S\u00fclfat g\u00fcbresini uzun y\u0131llar kullanmalar\u0131 sonucu bu topraklarda \u00f6nemli miktarda asit art\u0131\u015f\u0131 meydana geldi\u011fi saptanm\u0131\u015ft\u0131r.<\/p>\n<p>* Amonyum S\u00fclfat g\u00fcbresi asit tepkimeli bir g\u00fcbre oldu\u011fundan toprak y\u00fczeyine \u00e7ok yak\u0131n yerlere uygulanmas\u0131 sak\u0131ncal\u0131d\u0131r. Bu bak\u0131mdan \u00dcre g\u00fcbresi gibi olanaklar elverdi\u011fince derine uygulanmal\u0131d\u0131r.<\/p>\n<p>* S\u00fclfat\u2019\u0131n topraklarda, y\u0131kanma yoluyla olu\u015fan bitki besin elementleri kay\u0131plar\u0131n\u0131 \u00f6nleyici bir etkisi vard\u0131r.<\/p>\n<p>\u0130\u00e7eri\u011findeki K\u00fck\u00fcrt;<\/p>\n<p>* Bitkilerin k\u00f6k geli\u015fimi \u00fczerine \u00f6nemli katk\u0131da bulunmaktad\u0131r.<\/p>\n<p>* Bitkilerde ilk olarak gen\u00e7 yapraklarda toplanarak geli\u015fmeyi h\u0131zland\u0131r\u0131r.<\/p>\n<p>* Bitki b\u00fcnyesinde s\u00fcreye ba\u011fl\u0131 olarak e\u015fit bir da\u011f\u0131l\u0131m g\u00f6sterir. Bu sebepten d\u00fczenli bir etkiye sahiptir.<\/p>\n<p>* K\u00fck\u00fcrt noksanl\u0131\u011f\u0131nda bitkilerde t\u0131pk\u0131 Azot eksikli\u011finde oldu\u011fu gibi, bitkilerin yapraklar\u0131nda k\u00fc\u00e7\u00fclme ve sararmalar g\u00f6zlemlenir.<\/p>\n","protected":false},"excerpt":{"rendered":"<p>AS %21 N AMONYUM S\u00dcLFAT * \u00c7o\u011funlukla beyaz renkli olan g\u00fcbre %21 N (Azot) ve % 24 S (K\u00fck\u00fcrt)i\u00e7erir. * Kristal ve gran\u00fcl olarak iki \u015fekilde \u00fcretilen Amonyum S\u00fclfat g\u00fcbresinde Azot miktar\u0131 % 20.5 den az olmamal\u0131d\u0131r. * Yayg\u0131n olarak kullan\u0131lan bir g\u00fcbre \u00e7e\u015fididir. \u2022 Asit \u00f6zellikli bir g\u00fcbre oldu\u011fu&hellip; <\/p>\n","protected":false},"author":1,"featured_media":0,"parent":51,"menu_order":0,"comment_status":"closed","ping_status":"open","template":"","meta":[],"_links":{"self":[{"href":"http:\/\/www.titizlertarim.com\/index.php?rest_route=\/wp\/v2\/pages\/146"}],"collection":[{"href":"http:\/\/www.titizlertarim.com\/index.php?rest_route=\/wp\/v2\/pages"}],"about":[{"href":"http:\/\/www.titizlertarim.com\/index.php?rest_route=\/wp\/v2\/types\/page"}],"author":[{"embeddable":true,"href":"http:\/\/www.titizlertarim.com\/index.php?rest_route=\/wp\/v2\/users\/1"}],"replies":[{"embeddable":true,"href":"http:\/\/www.titizlertarim.com\/index.php?rest_route=%2Fwp%2Fv2%2Fcomments&post=146"}],"version-history":[{"count":4,"href":"http:\/\/www.titizlertarim.com\/index.php?rest_route=\/wp\/v2\/pages\/146\/revisions"}],"predecessor-version":[{"id":160,"href":"http:\/\/www.titizlertarim.com\/index.php?rest_route=\/wp\/v2\/pages\/146\/revisions\/160"}],"up":[{"embeddable":true,"href":"http:\/\/www.titizlertarim.com\/index.php?rest_route=\/wp\/v2\/pages\/51"}],"wp:attachment":[{"href":"http:\/\/www.titizlertarim.com\/index.php?rest_route=%2Fwp%2Fv2%2Fmedia&parent=146"}],"curies":[{"name":"wp","href":"https:\/\/api.w.org\/{rel}","templated":true}]}}