{"id":2,"date":"2011-05-05T21:12:33","date_gmt":"2011-05-05T21:12:33","guid":{"rendered":"http:\/\/www.titizlertarim.com\/?page_id=2"},"modified":"2011-09-14T11:38:16","modified_gmt":"2011-09-14T11:38:16","slug":"hakkinda","status":"publish","type":"page","link":"http:\/\/www.titizlertarim.com\/?page_id=2","title":{"rendered":"Hakk\u0131m\u0131zda"},"content":{"rendered":"<p>Titizler Tar\u0131m\u00a0firmas\u0131 1996 y\u0131l\u0131nda\u00a0Beyde\u011firmeni\u00a0Mah.\u00a0faaliyetine ba\u015flad\u0131.<!--more--> Sekt\u00f6r\u00fcndeki eksiklikleri gidermek ve profesyonellik getirmek amac\u0131yla Titizler Tar\u0131m olarak g\u00fcbre\u00a0ve \u00a0tohum<\/p>\n<p>sekt\u00f6r\u00fcne ad\u0131m att\u0131. 2009 y\u0131l\u0131nda 2. fabrikasyon tesisini kurdu.\u00a0 Titizler Tar\u0131m \u00a0\u00e7ukurova<\/p>\n<p>b\u00f6lgesine hizmet vermektedir.<\/p>\n","protected":false},"excerpt":{"rendered":"<p>Titizler Tar\u0131m\u00a0firmas\u0131 1996 y\u0131l\u0131nda\u00a0Beyde\u011firmeni\u00a0Mah.\u00a0faaliyetine ba\u015flad\u0131.<\/p>\n","protected":false},"author":1,"featured_media":0,"parent":0,"menu_order":0,"comment_status":"closed","ping_status":"open","template":"page-full.php","meta":[],"_links":{"self":[{"href":"http:\/\/www.titizlertarim.com\/index.php?rest_route=\/wp\/v2\/pages\/2"}],"collection":[{"href":"http:\/\/www.titizlertarim.com\/index.php?rest_route=\/wp\/v2\/pages"}],"about":[{"href":"http:\/\/www.titizlertarim.com\/index.php?rest_route=\/wp\/v2\/types\/page"}],"author":[{"embeddable":true,"href":"http:\/\/www.titizlertarim.com\/index.php?rest_route=\/wp\/v2\/users\/1"}],"replies":[{"embeddable":true,"href":"http:\/\/www.titizlertarim.com\/index.php?rest_route=%2Fwp%2Fv2%2Fcomments&post=2"}],"version-history":[{"count":10,"href":"http:\/\/www.titizlertarim.com\/index.php?rest_route=\/wp\/v2\/pages\/2\/revisions"}],"predecessor-version":[{"id":259,"href":"http:\/\/www.titizlertarim.com\/index.php?rest_route=\/wp\/v2\/pages\/2\/revisions\/259"}],"wp:attachment":[{"href":"http:\/\/www.titizlertarim.com\/index.php?rest_route=%2Fwp%2Fv2%2Fmedia&parent=2"}],"curies":[{"name":"wp","href":"https:\/\/api.w.org\/{rel}","templated":true}]}}