{"id":262,"date":"2012-05-12T09:52:19","date_gmt":"2012-05-12T09:52:19","guid":{"rendered":"http:\/\/www.titizlertarim.com\/?page_id=262"},"modified":"2012-05-12T09:56:00","modified_gmt":"2012-05-12T09:56:00","slug":"gubretas-gubre","status":"publish","type":"page","link":"http:\/\/www.titizlertarim.com\/?page_id=262","title":{"rendered":"G\u00fcbreta\u015f G\u00fcbre"},"content":{"rendered":"<p><a href=\"http:\/\/www.titizlertarim.com\/wp-content\/uploads\/images.jpg\"><img loading=\"lazy\" class=\"alignnone size-full wp-image-265\" title=\"images\" src=\"http:\/\/www.titizlertarim.com\/wp-content\/uploads\/images.jpg\" alt=\"\" width=\"464\" height=\"108\" srcset=\"http:\/\/www.titizlertarim.com\/wp-content\/uploads\/images.jpg 464w, http:\/\/www.titizlertarim.com\/wp-content\/uploads\/images-300x69.jpg 300w\" sizes=\"(max-width: 464px) 100vw, 464px\" \/><\/a><\/p>\n","protected":false},"excerpt":{"rendered":"","protected":false},"author":1,"featured_media":0,"parent":77,"menu_order":0,"comment_status":"open","ping_status":"open","template":"page-full.php","meta":[],"_links":{"self":[{"href":"http:\/\/www.titizlertarim.com\/index.php?rest_route=\/wp\/v2\/pages\/262"}],"collection":[{"href":"http:\/\/www.titizlertarim.com\/index.php?rest_route=\/wp\/v2\/pages"}],"about":[{"href":"http:\/\/www.titizlertarim.com\/index.php?rest_route=\/wp\/v2\/types\/page"}],"author":[{"embeddable":true,"href":"http:\/\/www.titizlertarim.com\/index.php?rest_route=\/wp\/v2\/users\/1"}],"replies":[{"embeddable":true,"href":"http:\/\/www.titizlertarim.com\/index.php?rest_route=%2Fwp%2Fv2%2Fcomments&post=262"}],"version-history":[{"count":3,"href":"http:\/\/www.titizlertarim.com\/index.php?rest_route=\/wp\/v2\/pages\/262\/revisions"}],"predecessor-version":[{"id":266,"href":"http:\/\/www.titizlertarim.com\/index.php?rest_route=\/wp\/v2\/pages\/262\/revisions\/266"}],"up":[{"embeddable":true,"href":"http:\/\/www.titizlertarim.com\/index.php?rest_route=\/wp\/v2\/pages\/77"}],"wp:attachment":[{"href":"http:\/\/www.titizlertarim.com\/index.php?rest_route=%2Fwp%2Fv2%2Fmedia&parent=262"}],"curies":[{"name":"wp","href":"https:\/\/api.w.org\/{rel}","templated":true}]}}