{"id":28,"date":"2011-05-06T11:09:30","date_gmt":"2011-05-06T11:09:30","guid":{"rendered":"http:\/\/www.titizlertarim.com\/?page_id=28"},"modified":"2011-05-11T12:07:26","modified_gmt":"2011-05-11T12:07:26","slug":"bayilikler","status":"publish","type":"page","link":"http:\/\/www.titizlertarim.com\/?page_id=28","title":{"rendered":"Bayilikler"},"content":{"rendered":"<p>\u0130GSA\u015e G\u00dcBRE<\/p>\n<p>BAGFA\u015e G\u00dcBRE<\/p>\n<p>GEML\u0130K G\u00dcBRE<\/p>\n","protected":false},"excerpt":{"rendered":"<p>\u0130GSA\u015e G\u00dcBRE BAGFA\u015e G\u00dcBRE GEML\u0130K G\u00dcBRE<\/p>\n","protected":false},"author":1,"featured_media":0,"parent":0,"menu_order":0,"comment_status":"closed","ping_status":"open","template":"","meta":[],"_links":{"self":[{"href":"http:\/\/www.titizlertarim.com\/index.php?rest_route=\/wp\/v2\/pages\/28"}],"collection":[{"href":"http:\/\/www.titizlertarim.com\/index.php?rest_route=\/wp\/v2\/pages"}],"about":[{"href":"http:\/\/www.titizlertarim.com\/index.php?rest_route=\/wp\/v2\/types\/page"}],"author":[{"embeddable":true,"href":"http:\/\/www.titizlertarim.com\/index.php?rest_route=\/wp\/v2\/users\/1"}],"replies":[{"embeddable":true,"href":"http:\/\/www.titizlertarim.com\/index.php?rest_route=%2Fwp%2Fv2%2Fcomments&post=28"}],"version-history":[{"count":10,"href":"http:\/\/www.titizlertarim.com\/index.php?rest_route=\/wp\/v2\/pages\/28\/revisions"}],"predecessor-version":[{"id":149,"href":"http:\/\/www.titizlertarim.com\/index.php?rest_route=\/wp\/v2\/pages\/28\/revisions\/149"}],"wp:attachment":[{"href":"http:\/\/www.titizlertarim.com\/index.php?rest_route=%2Fwp%2Fv2%2Fmedia&parent=28"}],"curies":[{"name":"wp","href":"https:\/\/api.w.org\/{rel}","templated":true}]}}