{"id":99,"date":"2011-05-07T09:59:46","date_gmt":"2011-05-07T09:59:46","guid":{"rendered":"http:\/\/www.titizlertarim.com\/?page_id=99"},"modified":"2011-05-07T09:59:46","modified_gmt":"2011-05-07T09:59:46","slug":"igsas-gubre","status":"publish","type":"page","link":"http:\/\/www.titizlertarim.com\/?page_id=99","title":{"rendered":"\u0130gsa\u015f G\u00fcbre"},"content":{"rendered":"<p><a href=\"http:\/\/www.titizlertarim.com\/wp-content\/uploads\/igsas.png\"><img loading=\"lazy\" class=\"alignnone size-full wp-image-100\" title=\"igsas\" src=\"http:\/\/www.titizlertarim.com\/wp-content\/uploads\/igsas.png\" alt=\"\" width=\"285\" height=\"118\" \/><\/a><\/p>\n","protected":false},"excerpt":{"rendered":"","protected":false},"author":1,"featured_media":0,"parent":77,"menu_order":0,"comment_status":"closed","ping_status":"open","template":"","meta":[],"_links":{"self":[{"href":"http:\/\/www.titizlertarim.com\/index.php?rest_route=\/wp\/v2\/pages\/99"}],"collection":[{"href":"http:\/\/www.titizlertarim.com\/index.php?rest_route=\/wp\/v2\/pages"}],"about":[{"href":"http:\/\/www.titizlertarim.com\/index.php?rest_route=\/wp\/v2\/types\/page"}],"author":[{"embeddable":true,"href":"http:\/\/www.titizlertarim.com\/index.php?rest_route=\/wp\/v2\/users\/1"}],"replies":[{"embeddable":true,"href":"http:\/\/www.titizlertarim.com\/index.php?rest_route=%2Fwp%2Fv2%2Fcomments&post=99"}],"version-history":[{"count":2,"href":"http:\/\/www.titizlertarim.com\/index.php?rest_route=\/wp\/v2\/pages\/99\/revisions"}],"predecessor-version":[{"id":102,"href":"http:\/\/www.titizlertarim.com\/index.php?rest_route=\/wp\/v2\/pages\/99\/revisions\/102"}],"up":[{"embeddable":true,"href":"http:\/\/www.titizlertarim.com\/index.php?rest_route=\/wp\/v2\/pages\/77"}],"wp:attachment":[{"href":"http:\/\/www.titizlertarim.com\/index.php?rest_route=%2Fwp%2Fv2%2Fmedia&parent=99"}],"curies":[{"name":"wp","href":"https:\/\/api.w.org\/{rel}","templated":true}]}}