{"id":139,"date":"2011-05-07T12:52:43","date_gmt":"2011-05-07T12:52:43","guid":{"rendered":"http:\/\/www.titizlertarim.com\/?page_id=139"},"modified":"2011-05-07T12:52:43","modified_gmt":"2011-05-07T12:52:43","slug":"faydali-linkler","status":"publish","type":"page","link":"https:\/\/www.titizlertarim.com\/?page_id=139","title":{"rendered":"Faydal\u0131 Linkler"},"content":{"rendered":"<p>Devlet\u00a0 Kurumlar\u0131<\/p>\n<ul>\n<li><a href=\"http:\/\/www.tccb.gov.tr\/\">T.C. Cumhurba\u015fkanl\u0131\u011f\u0131 <\/a><\/li>\n<li><a href=\"http:\/\/www.tbmm.gov.tr\/\">T\u00fcrkiye B\u00fcy\u00fck Millet Meclisi <\/a><\/li>\n<li><a href=\"http:\/\/www.basbakanlik.gov.tr\/\">T.C. Ba\u015fbakanl\u0131k<\/a>\n<ul>\n<li><a href=\"http:\/\/www.byegm.gov.tr\/\">Bas\u0131n Yay\u0131n Genel M\u00fcd\u00fcrl\u00fc\u011f\u00fc <\/a><\/li>\n<li><a href=\"http:\/\/www.die.gov.tr\/\">Devlet \u0130statistik Enstit\u00fcs\u00fc <\/a><\/li>\n<li><a href=\"http:\/\/www.dpb.gov.tr\/\">Devlet Personel Ba\u015fkanl\u0131\u011f\u0131 <\/a><\/li>\n<li><a href=\"http:\/\/www.dpt.gov.tr\/\">Devlet Planlama Te\u015fkilat\u0131 M\u00fcste\u015farl\u0131\u011f\u0131 <\/a><\/li>\n<li><a href=\"http:\/\/www.dsi.gov.tr\/\">Devlet Su \u0130\u015fleri Genel M\u00fcd\u00fcrl\u00fc\u011f\u00fc <\/a><\/li>\n<li><a href=\"http:\/\/www.dtm.gov.tr\/\">D\u0131\u015f Ticaret M\u00fcste\u015farl\u0131\u011f\u0131 <\/a><\/li>\n<li><a href=\"http:\/\/www.gap.gov.tr\/\">GAP B\u00f6lge Kalk\u0131nma \u0130daresi Ba\u015fkanl\u0131\u011f\u0131 <\/a><\/li>\n<li><a href=\"http:\/\/www.emekli.gov.tr\/\">Emekli Sand\u0131\u011f\u0131 Genel M\u00fcd\u00fcrl\u00fc\u011f\u00fc <\/a><\/li>\n<li><a href=\"http:\/\/www.kosgeb.gov.tr\/\">KOSGEB <\/a><\/li>\n<li><a href=\"http:\/\/www.dmi.gov.tr\/\">Devlet Meteoroloji \u0130\u015fleri Genel M\u00fcd\u00fcrl\u00fc\u011f\u00fc <\/a><\/li>\n<li><a href=\"http:\/\/www.tkgm.gov.tr\/\">Tapu ve Kadastro Genel M\u00fcd\u00fcrl\u00fc\u011f\u00fc<\/a><\/li>\n<li><a href=\"http:\/\/www.zerbank.com.tr\/\">Ziraat Bankas\u0131 Genel M\u00fcd\u00fcrl\u00fc\u011f\u00fc <\/a><\/li>\n<\/ul>\n<\/li>\n<li><a href=\"http:\/\/www.cevreorman.gov.tr\/\">T.C. \u00c7evre ve Orman Bakanl\u0131\u011f\u0131 <\/a><\/li>\n<li><a href=\"http:\/\/www.adalet.gov.tr\/\">T.C. Adalet Bakanl\u0131\u011f\u0131 <\/a><\/li>\n<li><a href=\"http:\/\/www.icisleri.gov.tr\/\">T.C. \u0130\u00e7i\u015fleri Bakanl\u0131\u011f\u0131 <\/a><\/li>\n<li><a href=\"http:\/\/www.mfa.gov.tr\/\">T.C. D\u0131\u015fi\u015fleri Bakanl\u0131\u011f\u0131 <\/a><\/li>\n<li><a href=\"http:\/\/www.maliye.gov.tr\/\">T.C. Maliye Bakanl\u0131\u011f\u0131 <\/a><\/li>\n<li><a href=\"http:\/\/www.saglik.gov.tr\/TR\/Default.aspx?F6E10F8892433CFFAAF6AA849816B2EF4376734BED947CDE\">T.C. Sa\u011fl\u0131k Bakanl\u0131\u011f\u0131 <\/a><\/li>\n<li><a href=\"http:\/\/www.meb.gov.tr\/\">T.C. Milli E\u011fitim Bakanl\u0131\u011f\u0131 <\/a><\/li>\n<li><a href=\"http:\/\/www.msb.gov.tr\/\">T.C. Milli Savunma Bakanl\u0131\u011f\u0131 <\/a><\/li>\n<li><a href=\"http:\/\/www.kultur.gov.tr\/\">T.C. K\u00fclt\u00fcr ve Turizm Bakanl\u0131\u011f\u0131 <\/a><\/li>\n<li><a href=\"http:\/\/www.mt.gov.tr\/\">T.C. Ula\u015ft\u0131rma Bakanl\u0131\u011f\u0131 <\/a><\/li>\n<li><a href=\"http:\/\/www.sanayi.gov.tr\/\">T.C. Sanayi ve Ticaret Bakanl\u0131\u011f\u0131 <\/a><\/li>\n<li><a href=\"http:\/\/www.enerji.gov.tr\/\">T.C. Enerji ve Tabii Kaynaklar Bakanl\u0131\u011f\u0131 <\/a><\/li>\n<li><a href=\"http:\/\/www.calisma.gov.tr\/\">T.C. \u00c7al\u0131\u015fma ve Sosyal G\u00fcvenlik Bakanl\u0131\u011f\u0131 <\/a><\/li>\n<li><a href=\"http:\/\/www.jandarma.gov.tr\/\">Jandarma \u0130nsan Haklar\u0131 \u0130hlallerini \u0130nceleme ve De\u011ferlendirme Merkezi (J\u0130H\u0130DEM) <\/a><\/li>\n<li><a href=\"http:\/\/www.abgs.gov.tr\/\">Avrupa Birli\u011fi Genel Sekreterli\u011fi <\/a><\/li>\n<li><a href=\"http:\/\/www.aile.gov.tr\/\">Aile Ara\u015ft\u0131rma Kurumu <\/a><\/li>\n<li><a href=\"http:\/\/www.igeme.org.tr\/\">\u0130hracat\u0131 Geli\u015ftirme Et\u00fcd Merkezi (\u0130GEME) <\/a><\/li>\n<li><a href=\"http:\/\/www.dpt.gov.tr\/\">Devlet Planlama Te\u015fkilat\u0131 (DPT) <\/a><\/li>\n<li><a href=\"http:\/\/www.hgk.mil.tr\/\">Harita Genel Komutanl\u0131\u011f\u0131 <\/a><\/li>\n<li><a href=\"http:\/\/www.tse.org.tr\/\">T\u00fcrk Standardlar\u0131 Enstit\u00fcs\u00fc<\/a><\/li>\n<\/ul>\n","protected":false},"excerpt":{"rendered":"<p>Devlet\u00a0 Kurumlar\u0131 T.C. Cumhurba\u015fkanl\u0131\u011f\u0131 T\u00fcrkiye B\u00fcy\u00fck Millet Meclisi T.C. Ba\u015fbakanl\u0131k Bas\u0131n Yay\u0131n Genel M\u00fcd\u00fcrl\u00fc\u011f\u00fc Devlet \u0130statistik Enstit\u00fcs\u00fc Devlet Personel Ba\u015fkanl\u0131\u011f\u0131 Devlet Planlama Te\u015fkilat\u0131 M\u00fcste\u015farl\u0131\u011f\u0131 Devlet Su \u0130\u015fleri Genel M\u00fcd\u00fcrl\u00fc\u011f\u00fc D\u0131\u015f Ticaret M\u00fcste\u015farl\u0131\u011f\u0131 GAP B\u00f6lge Kalk\u0131nma \u0130daresi Ba\u015fkanl\u0131\u011f\u0131 Emekli Sand\u0131\u011f\u0131 Genel M\u00fcd\u00fcrl\u00fc\u011f\u00fc KOSGEB Devlet Meteoroloji \u0130\u015fleri Genel M\u00fcd\u00fcrl\u00fc\u011f\u00fc Tapu ve Kadastro&hellip; <\/p>\n","protected":false},"author":1,"featured_media":0,"parent":0,"menu_order":0,"comment_status":"closed","ping_status":"open","template":"","meta":[],"_links":{"self":[{"href":"https:\/\/www.titizlertarim.com\/index.php?rest_route=\/wp\/v2\/pages\/139"}],"collection":[{"href":"https:\/\/www.titizlertarim.com\/index.php?rest_route=\/wp\/v2\/pages"}],"about":[{"href":"https:\/\/www.titizlertarim.com\/index.php?rest_route=\/wp\/v2\/types\/page"}],"author":[{"embeddable":true,"href":"https:\/\/www.titizlertarim.com\/index.php?rest_route=\/wp\/v2\/users\/1"}],"replies":[{"embeddable":true,"href":"https:\/\/www.titizlertarim.com\/index.php?rest_route=%2Fwp%2Fv2%2Fcomments&post=139"}],"version-history":[{"count":2,"href":"https:\/\/www.titizlertarim.com\/index.php?rest_route=\/wp\/v2\/pages\/139\/revisions"}],"predecessor-version":[{"id":141,"href":"https:\/\/www.titizlertarim.com\/index.php?rest_route=\/wp\/v2\/pages\/139\/revisions\/141"}],"wp:attachment":[{"href":"https:\/\/www.titizlertarim.com\/index.php?rest_route=%2Fwp%2Fv2%2Fmedia&parent=139"}],"curies":[{"name":"wp","href":"https:\/\/api.w.org\/{rel}","templated":true}]}}