{"id":165,"date":"2011-05-11T12:48:35","date_gmt":"2011-05-11T12:48:35","guid":{"rendered":"http:\/\/www.titizlertarim.com\/?page_id=165"},"modified":"2011-05-11T12:48:35","modified_gmt":"2011-05-11T12:48:35","slug":"20-20-0-np","status":"publish","type":"page","link":"https:\/\/www.titizlertarim.com\/?page_id=165","title":{"rendered":"20.20.0 NP"},"content":{"rendered":"<p><strong>20.20.0 ( N.P )<br \/>\nKOMPOZE G\u00dcBRE<\/strong><\/p>\n<p><img src=\"http:\/\/www.tacotarim.com.tr\/images\/image\/20_20_0.JPG\" alt=\"\" width=\"400\" align=\"right\" \/>* Bir \u00e7ok bitkide ekim s\u0131ras\u0131nda taban g\u00fcbresi olarak kullan\u0131l\u0131r.<\/p>\n<p>* N\u00f6tr reaksiyonlu oldu\u011fundan, her cins toprakta rahatl\u0131kla kullan\u0131labilir.<\/p>\n<p>* Suda erime \u00f6zelli\u011fi y\u00fcksek oldu\u011fundan ekimden \u00f6nce veya ekim s\u0131ras\u0131nda tohumla birlikte verilir.<\/p>\n<p>* \u0130\u00e7eri\u011finde her y\u00fcz kiloda 20 kg Azot ve 20 kg fosfor bulunmaktad\u0131r.<\/p>\n<p>* 20.20.0 g\u00fcbresinin i\u00e7eri\u011findeki Azot\u2019un tamam\u0131, Fosforun ise % 90\u2019\u0131 suda \u00e7\u00f6z\u00fcnd\u00fc\u011f\u00fcnden bitkiler taraf\u0131ndan al\u0131m\u0131 \u00e7ok kolay bir g\u00fcbredir.<\/p>\n<p>\u0130\u00e7eri\u011findeki Azot ve Fosfor ;<\/p>\n<p>* Bitkinin tepe ve k\u00f6k geli\u015fimini h\u0131zland\u0131r\u0131r.<\/p>\n<p>* Topraktaki mikroorganizma faaliyetlerini art\u0131rarak topraktaki di\u011fer bitki besin elementlerinin al\u0131nmas\u0131n\u0131 kolayla\u015ft\u0131r\u0131r.<\/p>\n<p>* Bitkide dane ve meyve verimini artt\u0131r\u0131r.<\/p>\n<p>* Bitkilerin hastal\u0131klara kar\u015f\u0131 direncini art\u0131r\u0131r.<\/p>\n<p>* Bitkilerde Azot ve Fosfor eksikli\u011finde bitkilerin b\u00fcy\u00fcmesi geriler.\u00d6zellikle alt yapraklarda sararmalar ve buru\u015fmalar g\u00f6r\u00fcl\u00fcr.Ayr\u0131ca bitkinin k\u00f6k geli\u015fimi zay\u0131f ve ice olurken bitkilerde sap kal\u0131nl\u0131klar\u0131da zay\u0131f olmaktad\u0131r.<br \/>\n* Bitkinin Azot ve Fosfor ihtiyac\u0131 kar\u015f\u0131land\u0131ktan sonra eksik kalan Azot ihtiyac\u0131 i\u00e7in Di\u011fer Nitratl\u0131 g\u00fcbre \u00e7e\u015fitlerinden takviye g\u00fcbreleme yap\u0131lmal\u0131d\u0131r.\u00d6rne\u011fin AN %33 yada CAN %26<\/p>\n","protected":false},"excerpt":{"rendered":"<p>20.20.0 ( N.P ) KOMPOZE G\u00dcBRE * Bir \u00e7ok bitkide ekim s\u0131ras\u0131nda taban g\u00fcbresi olarak kullan\u0131l\u0131r. * N\u00f6tr reaksiyonlu oldu\u011fundan, her cins toprakta rahatl\u0131kla kullan\u0131labilir. * Suda erime \u00f6zelli\u011fi y\u00fcksek oldu\u011fundan ekimden \u00f6nce veya ekim s\u0131ras\u0131nda tohumla birlikte verilir. * \u0130\u00e7eri\u011finde her y\u00fcz kiloda 20 kg Azot ve 20 kg&hellip; <\/p>\n","protected":false},"author":1,"featured_media":0,"parent":51,"menu_order":0,"comment_status":"closed","ping_status":"open","template":"","meta":[],"_links":{"self":[{"href":"https:\/\/www.titizlertarim.com\/index.php?rest_route=\/wp\/v2\/pages\/165"}],"collection":[{"href":"https:\/\/www.titizlertarim.com\/index.php?rest_route=\/wp\/v2\/pages"}],"about":[{"href":"https:\/\/www.titizlertarim.com\/index.php?rest_route=\/wp\/v2\/types\/page"}],"author":[{"embeddable":true,"href":"https:\/\/www.titizlertarim.com\/index.php?rest_route=\/wp\/v2\/users\/1"}],"replies":[{"embeddable":true,"href":"https:\/\/www.titizlertarim.com\/index.php?rest_route=%2Fwp%2Fv2%2Fcomments&post=165"}],"version-history":[{"count":1,"href":"https:\/\/www.titizlertarim.com\/index.php?rest_route=\/wp\/v2\/pages\/165\/revisions"}],"predecessor-version":[{"id":166,"href":"https:\/\/www.titizlertarim.com\/index.php?rest_route=\/wp\/v2\/pages\/165\/revisions\/166"}],"up":[{"embeddable":true,"href":"https:\/\/www.titizlertarim.com\/index.php?rest_route=\/wp\/v2\/pages\/51"}],"wp:attachment":[{"href":"https:\/\/www.titizlertarim.com\/index.php?rest_route=%2Fwp%2Fv2%2Fmedia&parent=165"}],"curies":[{"name":"wp","href":"https:\/\/api.w.org\/{rel}","templated":true}]}}