{"id":170,"date":"2011-05-11T12:52:02","date_gmt":"2011-05-11T12:52:02","guid":{"rendered":"http:\/\/www.titizlertarim.com\/?page_id=170"},"modified":"2011-05-11T12:52:02","modified_gmt":"2011-05-11T12:52:02","slug":"18-46-dap","status":"publish","type":"page","link":"https:\/\/www.titizlertarim.com\/?page_id=170","title":{"rendered":"18-46 Dap"},"content":{"rendered":"<p><strong>DAP %18 N %46 P<br \/>\nD\u0130AMONYUM FOSFAT<\/strong><\/p>\n<p><img src=\"http:\/\/www.tacotarim.com.tr\/images\/image\/DAP.JPG\" alt=\"\" width=\"400\" align=\"right\" \/>* Diamonyum fosfat (DAP) Fosfor ve Azot gibi iki \u00f6nemli bitki besin elmentini bir arada kapsayan kompoze bir g\u00fcbredir.<\/p>\n<p>* \u0130\u00e7erisinde her bir kg azota kar\u015f\u0131l\u0131k \u00fc\u00e7 kg Fosfor bulumaktad\u0131r.Bu sebeple daha ziyade Fosforlu bir g\u00fcbre olarak kullan\u0131lmaktad\u0131r.<\/p>\n<p>* \u0130\u00e7erdi\u011fi Fosforun %90\u2019n\u0131n dan fazlas\u0131 suda eriyebildi\u011finden,topra\u011fa verildikten hemen sonra gerekli rutubeti bulunca i\u00e7eri\u011findeki Fosfor ve Azottan bitkiler hemen yararlanabilirler.<\/p>\n<p>\u0130\u00e7eri\u011findeki Fosfor ;<\/p>\n<p>* Bitkilerin erken olgunlu\u011fa eri\u015fmesini sa\u011flar.<\/p>\n<p>* Bitkilerin d\u00f6llenme organlar\u0131n\u0131n tam olarak geli\u015fmesini sa\u011flar.<\/p>\n<p>* Bitkilerin k\u00f6k geli\u015fmesini sa\u011flar.<\/p>\n<p>* Bitkilerin metabolik etkinli\u011fini artt\u0131r\u0131r.<\/p>\n<p>* Fosfor eksikli\u011finde bitkinin b\u00fcy\u00fcmesi geriler ve bitki koyu ye\u015fil bir renk g\u00f6sterir. Kimi bitkilerde Fosfor noksanl\u0131\u011f\u0131nda yapraklarda mor ve bronz bir renk g\u00f6r\u00fcl\u00fcr.<\/p>\n<p>* Bitkiler fosfor\u2019un tamam\u0131na yak\u0131n bir b\u00f6l\u00fcm\u00fcn\u00fc geli\u015fmelerinin ilk d\u00f6nemlerinde al\u0131r ve bunu \u00e7e\u015fitli organlar\u0131nda biriktirirler.Geli\u015fmenin sonuna do\u011fru Fosfor tohuma veya meyveye aktar\u0131larak orada biriktirilmektedir.<\/p>\n<p>* Dap\u2019\u0131n Fosfor ihtiyac\u0131 olan bitkiye uygulanmas\u0131ndan sonra bitkinin eksik kalan Azot ihtiyac\u0131 di\u011fer g\u00fcbrelerden tamanlanmal\u0131d\u0131r. \u00d6rnegin CAN %26 yada AN %33.<\/p>\n","protected":false},"excerpt":{"rendered":"<p>DAP %18 N %46 P D\u0130AMONYUM FOSFAT * Diamonyum fosfat (DAP) Fosfor ve Azot gibi iki \u00f6nemli bitki besin elmentini bir arada kapsayan kompoze bir g\u00fcbredir. * \u0130\u00e7erisinde her bir kg azota kar\u015f\u0131l\u0131k \u00fc\u00e7 kg Fosfor bulumaktad\u0131r.Bu sebeple daha ziyade Fosforlu bir g\u00fcbre olarak kullan\u0131lmaktad\u0131r. * \u0130\u00e7erdi\u011fi Fosforun %90\u2019n\u0131n dan&hellip; <\/p>\n","protected":false},"author":1,"featured_media":0,"parent":51,"menu_order":0,"comment_status":"closed","ping_status":"open","template":"","meta":[],"_links":{"self":[{"href":"https:\/\/www.titizlertarim.com\/index.php?rest_route=\/wp\/v2\/pages\/170"}],"collection":[{"href":"https:\/\/www.titizlertarim.com\/index.php?rest_route=\/wp\/v2\/pages"}],"about":[{"href":"https:\/\/www.titizlertarim.com\/index.php?rest_route=\/wp\/v2\/types\/page"}],"author":[{"embeddable":true,"href":"https:\/\/www.titizlertarim.com\/index.php?rest_route=\/wp\/v2\/users\/1"}],"replies":[{"embeddable":true,"href":"https:\/\/www.titizlertarim.com\/index.php?rest_route=%2Fwp%2Fv2%2Fcomments&post=170"}],"version-history":[{"count":1,"href":"https:\/\/www.titizlertarim.com\/index.php?rest_route=\/wp\/v2\/pages\/170\/revisions"}],"predecessor-version":[{"id":171,"href":"https:\/\/www.titizlertarim.com\/index.php?rest_route=\/wp\/v2\/pages\/170\/revisions\/171"}],"up":[{"embeddable":true,"href":"https:\/\/www.titizlertarim.com\/index.php?rest_route=\/wp\/v2\/pages\/51"}],"wp:attachment":[{"href":"https:\/\/www.titizlertarim.com\/index.php?rest_route=%2Fwp%2Fv2%2Fmedia&parent=170"}],"curies":[{"name":"wp","href":"https:\/\/api.w.org\/{rel}","templated":true}]}}