{"id":172,"date":"2011-05-11T12:54:04","date_gmt":"2011-05-11T12:54:04","guid":{"rendered":"http:\/\/www.titizlertarim.com\/?page_id=172"},"modified":"2011-05-11T12:54:04","modified_gmt":"2011-05-11T12:54:04","slug":"can-%26-n","status":"publish","type":"page","link":"https:\/\/www.titizlertarim.com\/?page_id=172","title":{"rendered":"CAN %26 N"},"content":{"rendered":"<p><strong>CAN %26 N<br \/>\nKALS\u0130YUM AMONYUM N\u0130TRAT<\/strong><\/p>\n<p><img src=\"http:\/\/www.tacotarim.com.tr\/images\/image\/CAN.JPG\" alt=\"\" width=\"400\" align=\"right\" \/>* Toprakta kolayca \u00e7\u00f6z\u00fcnerek bitkiye h\u0131zl\u0131 n\u00fcfus eder.<\/p>\n<p>* Bitkilerin, Nitrat\u0131 ve Amonyumu b\u00fcnyesine kolay alabilmesi sayesinde toprakta art\u0131k\u00a0 madde b\u0131rakmaz.Topra\u011f\u0131n fiziksel, kimyasal, biyolojik \u00f6zellikleri \u00fczerinde olumlu etki eder.<\/p>\n<p>* Toprakta h\u0131zl\u0131 PH de\u011fi\u015fimine sebep olmaz, Azot yitmesi olu\u015fturmaz.<\/p>\n<p>* \u00dcretim a\u015famas\u0131nda kire\u00e7 ta\u015f\u0131, \u00e7\u00f6kt\u00fcr\u00fclm\u00fc\u015f kalsiyum karbonat, dolomit, kil gibi katk\u0131 maddeleri ilave edilerek patlay\u0131c\u0131 \u00f6zelli\u011fi giderilmi\u015ftir.<\/p>\n<p>* Ya\u011f\u0131\u015fl\u0131 y\u00f6relerde nem alma \u00f6zelli\u011fini azaltmak, yanma ve patlama riskini en aza<br \/>\nindirgemek amac\u0131yla g\u00fcbre tanecikleri prill formunda sunulmu\u015ftur.<\/p>\n<p>* Tarlada \u00e7al\u0131\u015fman\u0131n olanakl\u0131\u011f\u0131 oldu\u011fu her mevsimde uygulanabilir.<\/p>\n<p>* Bitkilere, bitki besin maddesi kayna\u011f\u0131 olarak do\u011frudan etki g\u00f6sterip nitelikli ve bol<br \/>\n\u00fcr\u00fcn al\u0131nmas\u0131n\u0131 sa\u011flar.<\/p>\n<p>\u0130\u00e7eri\u011findeki kalsiyum ve Azot ;<\/p>\n<p>* Bitkilere, bitki besin maddesi kayna\u011f\u0131 olarak do\u011frudan etki g\u00f6sterip nitelikli ve bol<br \/>\n\u00fcr\u00fcn al\u0131nmas\u0131n\u0131 sa\u011flar.<\/p>\n<p>* \u00c7e\u015fitli bitki besin elementlerinin topraktaki yaray\u0131\u015fl\u0131l\u0131\u011f\u0131n\u0131 artt\u0131r\u0131r.<\/p>\n<p>* Bitkilerin beslenme ve geli\u015fmelerinde yararl\u0131 etkileri olan mikroorganizmalar\u0131n etkinli\u011fini artt\u0131r\u0131r.<\/p>\n<p>* Organik ve inorganik \u00f6zellikteki toksik bile\u015fiklerin n\u00f6trle\u015fmesini ve topraktan uzakla\u015fmas\u0131n\u0131 sa\u011flar.<\/p>\n<p>* Asit tepkimeli topraklarda bir yandan topra\u011f\u0131n asitli\u011fini giderirken \u00f6te yandan kalsiyum ihtiyac\u0131n\u0131 kar\u015f\u0131lar.<\/p>\n<p>* Azot eksikli\u011finde bitkiler sar\u0131 bir renk al\u0131r ve bodur bir geli\u015fme g\u00f6sterirler.Bitkilerin \u00f6nce<br \/>\nalttaki ya\u015fl\u0131 yapraklar\u0131nda sararma g\u00f6r\u00fcl\u00fcr, a\u015f\u0131r\u0131 azot noksanl\u0131\u011f\u0131 halinde ise yapraklar<br \/>\nkahverengi olur ve sonunda \u00f6l\u00fcr.<\/p>\n<p>* Kalsiyum bitkinin \u00e7i\u00e7ek olu\u015fumunda birebir rol oynar. Bitkide kalsiyum noksanl\u0131\u011f\u0131nda<br \/>\ngen\u00e7 yapraklar \u00f6nce sararmaya ba\u015flar, daha sonra yaprak u\u00e7lar\u0131n\u0131n kenarlar\u0131 yukar\u0131ya ve<br \/>\na\u015fa\u011f\u0131ya do\u011fru k\u0131vr\u0131l\u0131r, bunun sonucu olarak yapraklar d\u00fczg\u00fcnl\u00fcklerini yitirirler.Bitkinin<br \/>\nb\u00fcy\u00fcme yerleri \u00e7o\u011funlukla \u00f6ld\u00fc\u011f\u00fcnden yeni s\u00fcrg\u00fcnler meydana gelmezken bitkinin k\u00f6k<br \/>\nsistemi de zarar g\u00f6r\u00fcr.<\/p>\n","protected":false},"excerpt":{"rendered":"<p>CAN %26 N KALS\u0130YUM AMONYUM N\u0130TRAT * Toprakta kolayca \u00e7\u00f6z\u00fcnerek bitkiye h\u0131zl\u0131 n\u00fcfus eder. * Bitkilerin, Nitrat\u0131 ve Amonyumu b\u00fcnyesine kolay alabilmesi sayesinde toprakta art\u0131k\u00a0 madde b\u0131rakmaz.Topra\u011f\u0131n fiziksel, kimyasal, biyolojik \u00f6zellikleri \u00fczerinde olumlu etki eder. * Toprakta h\u0131zl\u0131 PH de\u011fi\u015fimine sebep olmaz, Azot yitmesi olu\u015fturmaz. * \u00dcretim a\u015famas\u0131nda kire\u00e7 ta\u015f\u0131,&hellip; <\/p>\n","protected":false},"author":1,"featured_media":0,"parent":51,"menu_order":0,"comment_status":"closed","ping_status":"open","template":"","meta":[],"_links":{"self":[{"href":"https:\/\/www.titizlertarim.com\/index.php?rest_route=\/wp\/v2\/pages\/172"}],"collection":[{"href":"https:\/\/www.titizlertarim.com\/index.php?rest_route=\/wp\/v2\/pages"}],"about":[{"href":"https:\/\/www.titizlertarim.com\/index.php?rest_route=\/wp\/v2\/types\/page"}],"author":[{"embeddable":true,"href":"https:\/\/www.titizlertarim.com\/index.php?rest_route=\/wp\/v2\/users\/1"}],"replies":[{"embeddable":true,"href":"https:\/\/www.titizlertarim.com\/index.php?rest_route=%2Fwp%2Fv2%2Fcomments&post=172"}],"version-history":[{"count":1,"href":"https:\/\/www.titizlertarim.com\/index.php?rest_route=\/wp\/v2\/pages\/172\/revisions"}],"predecessor-version":[{"id":173,"href":"https:\/\/www.titizlertarim.com\/index.php?rest_route=\/wp\/v2\/pages\/172\/revisions\/173"}],"up":[{"embeddable":true,"href":"https:\/\/www.titizlertarim.com\/index.php?rest_route=\/wp\/v2\/pages\/51"}],"wp:attachment":[{"href":"https:\/\/www.titizlertarim.com\/index.php?rest_route=%2Fwp%2Fv2%2Fmedia&parent=172"}],"curies":[{"name":"wp","href":"https:\/\/api.w.org\/{rel}","templated":true}]}}