{"id":176,"date":"2011-05-11T12:56:17","date_gmt":"2011-05-11T12:56:17","guid":{"rendered":"http:\/\/www.titizlertarim.com\/?page_id=176"},"modified":"2011-05-11T12:56:17","modified_gmt":"2011-05-11T12:56:17","slug":"ure-%46-n","status":"publish","type":"page","link":"https:\/\/www.titizlertarim.com\/?page_id=176","title":{"rendered":"\u00dcRE %46 N"},"content":{"rendered":"<p><strong>\u00dcRE %46 N<\/strong><\/p>\n<p><img src=\"http:\/\/www.tacotarim.com.tr\/images\/image\/URE_46.JPG\" alt=\"\" width=\"400\" align=\"right\" \/>* \u00dcre g\u00fcbresi beyaz renkli, kokusuz, suda kolayl\u0131kla \u00e7\u00f6z\u00fclebilen 100 kg de 46 kg Azot i\u00e7eren bir g\u00fcbredir.<\/p>\n<p>* \u00dcre g\u00fcbresi kimyasal g\u00fcbreler i\u00e7erisinde en y\u00fcksek d\u00fczeyde Azot i\u00e7eren g\u00fcbredir.<\/p>\n<p>* Tar\u0131msal de\u011feri y\u00fcksektir.<\/p>\n<p>* Bitkilere, bitki besin maddesi kayna\u011f\u0131 olarak do\u011frudan etki g\u00f6sterip nitelikli ve bol \u00fcr\u00fcn al\u0131nmas\u0131n\u0131 sa\u011flar.<\/p>\n<p>* Tar\u0131msal aletlerde daha az pasland\u0131r\u0131c\u0131 etki yapar.<\/p>\n<p>* Birim Azot y\u00f6n\u00fcnden daha ucuza mal olan bir g\u00fcbredir.<\/p>\n<p>* \u00dcre g\u00fcbresi \u00e7e\u015fitli \u015fekillerde topra\u011fa uyguland\u0131\u011f\u0131 gibi sulama suyu i\u00e7erisinde yada p\u00fcsk\u00fcrt\u00fclerek de ba\u015far\u0131l\u0131 bir \u015fekilde uygulanabilmektedir.<\/p>\n<p>* \u00dcre g\u00fcbresi kire\u00e7li yada kumlu topraklarda olanaklar elverdi\u011fince derine uygulanmal\u0131d\u0131r.<\/p>\n<p>* \u00dcre g\u00fcbresi bitki geli\u015fiminin her a\u015famas\u0131nda kullan\u0131labildi\u011finden ekim s\u0131ras\u0131nda kullan\u0131labildi\u011fi gibi \u00fcst g\u00fcbresi olarakta kullan\u0131labilir.<\/p>\n<p>\u0130\u00e7eri\u011findeki Azot ;<\/p>\n<p>* \u00dcre g\u00fcbresi toprakta \u00e7ok \u00e7abuk \u00e7\u00f6z\u00fcnebildi\u011finden ihtiva etti\u011fi Azottan bitkiler \u00e7ok \u00e7abuk faydalan\u0131rlar.<\/p>\n<p>* Bitki boyunun uzamas\u0131nda etkilidir.<\/p>\n<p>* Bitkinin dane ve meyve verimini artt\u0131t\u0131r.<\/p>\n<p>* Bitkinin k\u00f6k geli\u015fiminde etkilidir.<\/p>\n<p>* Bitkilerde Azot eksikli\u011finde bitkilerin b\u00fcy\u00fcmesi gerilerken, bitkinin k\u00f6k geli\u015fimi ince olur.Ayr\u0131ca bitkinin alt yapraklar\u0131nda sararmalar olu\u015fur.S\u00fcrekli Azot eksikliklerinde yapraklar kahverengi bir renk al\u0131r ve \u00f6l\u00fcrler.<\/p>\n<p>* \u00dcre g\u00fcbresi kullan\u0131m\u0131nda bitkiler i\u00e7indeki Azotu hemen kulland\u0131klar\u0131ndan, Azot ihtiyac\u0131 s\u00fcrekli kar\u015f\u0131lanmaz. Bunun i\u00e7in gerekli Azot\u2019un kar\u015f\u0131lanmas\u0131 i\u00e7in ikinci g\u00fcbreleme yada \u00fcst g\u00fcbresi olarak di\u011fer nitratl\u0131 g\u00fcbreler kullan\u0131lmal\u0131d\u0131r.\u00d6rne\u011fin CAN %26 yada AN %33<\/p>\n","protected":false},"excerpt":{"rendered":"<p>\u00dcRE %46 N * \u00dcre g\u00fcbresi beyaz renkli, kokusuz, suda kolayl\u0131kla \u00e7\u00f6z\u00fclebilen 100 kg de 46 kg Azot i\u00e7eren bir g\u00fcbredir. * \u00dcre g\u00fcbresi kimyasal g\u00fcbreler i\u00e7erisinde en y\u00fcksek d\u00fczeyde Azot i\u00e7eren g\u00fcbredir. * Tar\u0131msal de\u011feri y\u00fcksektir. * Bitkilere, bitki besin maddesi kayna\u011f\u0131 olarak do\u011frudan etki g\u00f6sterip nitelikli ve bol&hellip; <\/p>\n","protected":false},"author":1,"featured_media":0,"parent":51,"menu_order":0,"comment_status":"closed","ping_status":"open","template":"","meta":[],"_links":{"self":[{"href":"https:\/\/www.titizlertarim.com\/index.php?rest_route=\/wp\/v2\/pages\/176"}],"collection":[{"href":"https:\/\/www.titizlertarim.com\/index.php?rest_route=\/wp\/v2\/pages"}],"about":[{"href":"https:\/\/www.titizlertarim.com\/index.php?rest_route=\/wp\/v2\/types\/page"}],"author":[{"embeddable":true,"href":"https:\/\/www.titizlertarim.com\/index.php?rest_route=\/wp\/v2\/users\/1"}],"replies":[{"embeddable":true,"href":"https:\/\/www.titizlertarim.com\/index.php?rest_route=%2Fwp%2Fv2%2Fcomments&post=176"}],"version-history":[{"count":2,"href":"https:\/\/www.titizlertarim.com\/index.php?rest_route=\/wp\/v2\/pages\/176\/revisions"}],"predecessor-version":[{"id":178,"href":"https:\/\/www.titizlertarim.com\/index.php?rest_route=\/wp\/v2\/pages\/176\/revisions\/178"}],"up":[{"embeddable":true,"href":"https:\/\/www.titizlertarim.com\/index.php?rest_route=\/wp\/v2\/pages\/51"}],"wp:attachment":[{"href":"https:\/\/www.titizlertarim.com\/index.php?rest_route=%2Fwp%2Fv2%2Fmedia&parent=176"}],"curies":[{"name":"wp","href":"https:\/\/api.w.org\/{rel}","templated":true}]}}