{"id":30,"date":"2011-05-06T11:15:48","date_gmt":"2011-05-06T11:15:48","guid":{"rendered":"http:\/\/www.titizlertarim.com\/?page_id=30"},"modified":"2011-05-10T08:50:06","modified_gmt":"2011-05-10T08:50:06","slug":"iletisim","status":"publish","type":"page","link":"https:\/\/www.titizlertarim.com\/?page_id=30","title":{"rendered":"ileti\u015fim"},"content":{"rendered":"<p>Tel:\u00a0 0 324 616 23 01\u00a0 ( 3 Hat )<\/p>\n<p>Fax: 0 324 616 30 30<\/p>\n<p>Merkez: Ferahim \u015ealvuz. Mah. Sait\u00a0Polat Bulvar\u0131\u00a0No: 152\/A<!--more--><\/p>\n<p>Tarsus \/ Mersin<\/p>\n<p>\u015eube: Beyde\u011firmeni Mah. Kas\u0131m G\u00fclek Bulvar\u0131\u00a0No: 3<\/p>\n<p>Tel: 0 324 616 30 22<\/p>\n<p>Fax: 0 324 616 30 30<\/p>\n<p>Mail: <a href=\"mailto:info@titizlertarim.com\">titizler@titizlertarim.com<\/a><\/p>\n<p>L\u00fctfen A\u015fag\u0131daki Formu Kullanarak Bize Ula\u015f\u0131n\u0131z<\/p>\n<div class=\"contactform\">\n<form action=\"https:\/\/www.titizlertarim.com\/?page_id=30\" method=\"post\">\n<div class=\"contactleft\"><label for=\"wpcf_your_name\">Your Name: <\/label><\/div>\n<div class=\"contactright\"><input type=\"text\" name=\"wpcf_your_name\" id=\"wpcf_your_name\" size=\"30\" maxlength=\"50\" value=\"\" \/> (required)<\/div>\n<div class=\"contactleft\"><label for=\"wpcf_email\">Your Email:<\/label><\/div>\n<div class=\"contactright\"><input type=\"text\" name=\"wpcf_email\" id=\"wpcf_email\" size=\"30\" maxlength=\"50\" value=\"\" \/> (required)<\/div>\n<div class=\"contactleft\"><label for=\"wpcf_website\">Your Website:<\/label><\/div>\n<div class=\"contactright\"><input type=\"text\" name=\"wpcf_website\" id=\"wpcf_website\" size=\"30\" maxlength=\"100\" value=\"\" \/><\/div>\n<div class=\"contactleft\"><label for=\"wpcf_msg\">Your Message: <\/label><\/div>\n<div class=\"contactright\"><textarea name=\"wpcf_msg\" id=\"wpcf_msg\" cols=\"35\" rows=\"8\" ><\/textarea><\/div>\n<div class=\"contactright\"><input type=\"submit\" name=\"Submit\" value=\"Submit\" id=\"contactsubmit\" \/><input type=\"hidden\" name=\"wpcf_stage\" value=\"process\" \/><\/div>\n<\/p><\/form>\n<\/p><\/div>\n<div style=\"clear:both; height:1px;\">&nbsp;<\/div>\n","protected":false},"excerpt":{"rendered":"<p>Tel:\u00a0 0 324 616 23 01\u00a0 ( 3 Hat ) Fax: 0 324 616 30 30 Merkez: Ferahim \u015ealvuz. Mah. Sait\u00a0Polat Bulvar\u0131\u00a0No: 152\/A<\/p>\n","protected":false},"author":1,"featured_media":0,"parent":0,"menu_order":0,"comment_status":"closed","ping_status":"open","template":"","meta":[],"_links":{"self":[{"href":"https:\/\/www.titizlertarim.com\/index.php?rest_route=\/wp\/v2\/pages\/30"}],"collection":[{"href":"https:\/\/www.titizlertarim.com\/index.php?rest_route=\/wp\/v2\/pages"}],"about":[{"href":"https:\/\/www.titizlertarim.com\/index.php?rest_route=\/wp\/v2\/types\/page"}],"author":[{"embeddable":true,"href":"https:\/\/www.titizlertarim.com\/index.php?rest_route=\/wp\/v2\/users\/1"}],"replies":[{"embeddable":true,"href":"https:\/\/www.titizlertarim.com\/index.php?rest_route=%2Fwp%2Fv2%2Fcomments&post=30"}],"version-history":[{"count":14,"href":"https:\/\/www.titizlertarim.com\/index.php?rest_route=\/wp\/v2\/pages\/30\/revisions"}],"predecessor-version":[{"id":33,"href":"https:\/\/www.titizlertarim.com\/index.php?rest_route=\/wp\/v2\/pages\/30\/revisions\/33"}],"wp:attachment":[{"href":"https:\/\/www.titizlertarim.com\/index.php?rest_route=%2Fwp%2Fv2%2Fmedia&parent=30"}],"curies":[{"name":"wp","href":"https:\/\/api.w.org\/{rel}","templated":true}]}}